{"id":684,"date":"2014-12-10T21:31:23","date_gmt":"2014-12-10T19:31:23","guid":{"rendered":"http:\/\/www.kg-stuttgart.de\/?page_id=684"},"modified":"2017-03-07T19:13:46","modified_gmt":"2017-03-07T18:13:46","slug":"die-rudi-und-emmy-schausberger-stiftung","status":"publish","type":"page","link":"https:\/\/www.kg-stuttgart.de\/?page_id=684","title":{"rendered":"Die Rudi und Emmy Schausberger Stiftung"},"content":{"rendered":"<p>Die Rudi und Emmy Schausberger Stiftung ist eine Stiftung des b\u00fcrgerlichen Rechts. Rudi und Emmy Schausberger haben die Stiftung durch Verm\u00e4chtnis errichten lassen und aus ihrem Erbe 130.000 Euro als Stiftungsverm\u00f6gen gestiftet.<\/p>\n<p>Der Kanusport war f\u00fcr die kinderlosen Rudi und Emmy Schausberger Lebensinhalt. Schon w\u00e4hrend Rudis Zeit als 1. Vorsitzender der Kanu-Gesellschaft Stuttgart von 1960 bis 1969 hat er den Verein sehr gef\u00f6rdert. Als Ende 2013 Emmy Schausberger im hohen Alter von 93 Jahren verstarb, wurde Lutz Wertenauer mit der Einrichtung einer Stiftung beauftragt und am 29.10.2013 wurde die Stiftung vom Regierungspr\u00e4sidium Stuttgart anerkannt und konnte seine Arbeit aufnehmen.<\/p>\n<h3>Zweck der Stiftung<\/h3>\n<p>Zweck der Stiftung ist die F\u00f6rderung der Kanu-Gesellschaft Stuttgart e.V., insbesondere von Jugendlichen und Leistungssport. Dieser Stiftungszweck wird insbesondere verwirklicht durch Zusch\u00fcsse f\u00fcr die Anschaffung von Sportger\u00e4ten, zu Reisekosten und zu Trainer- und \u00dcbungsleiterhonoraren.<\/p>\n<h3>Stiftungsorgane<\/h3>\n<p>Organ der Stiftung ist der Vorstand, der ehrenamtlich arbeitet. Die drei Mitglieder des Vorstands werden durch die Mitgliederversammlung der Kanu-Gesellschaft Stuttgart e.V. auf die Dauer von 5 Jahren gew\u00e4hlt.<\/p>\n<h3>Stiftungsverm\u00f6gen<\/h3>\n<p>Das Stiftungsverm\u00f6gen zum Zeitpunkt der Stiftungserrichtung betr\u00e4gt 130.000,00 EUR, welches<br \/>\ngrunds\u00e4tzlich in seinem Bestand zu erhalten ist.<\/p>\n<p>&nbsp;<\/p>\n<h3>ZUKUNFT SICHERN UND GESTALTEN SO K\u00d6NNEN SIE DABEI SEIN \u2026<\/h3>\n<p>Durch Zustiftungen geh\u00f6ren Sie zum Kreis der Stifter. Ihre Zustiftung tr\u00e4gt zum Wachstum des Kapitalstocks der Stiftung bei, aus dessen Ertrag die Stiftungsaufgaben gef\u00f6rdert werden.<\/p>\n<h3>Zustiftungen<\/h3>\n<p>Zustiftungen wachsen dem Stiftungsverm\u00f6gen zu, Erbschaften und Verm\u00e4chtnisse gelten grunds\u00e4tzlich<br \/>\nals Zustiftung. Zustiftungen k\u00f6nnen durch den Zuwendungsgeber bzw. die Zuwendungsgeberin einem der vorbezeichneten Zweckbereiche, also Zusch\u00fcssen f\u00fcr die Anschaffung von Sportger\u00e4ten, zu Reisekosten und zu Trainer- und \u00dcbungsleiterhonoraren, zugeordnet werden. Sie k\u00f6nnen ab einem Betrag<br \/>\nvon 50.000,00 EUR mit seinem\/ihrem Namen (Namensfonds) verbunden werden, sofern der Zuwendungsgeber bzw. die Zuwendungsgeberin dies w\u00fcnscht.<\/p>\n<h3>Spenden<\/h3>\n<p>Durch zugeordnete Spenden mit zeitnaher Verwendung helfen Sie mit, dass die Stiftung schnell und unb\u00fcrokratisch helfen kann.<\/p>\n<ul>\n<li>So k\u00f6nnen Sie zum Beispiel den Erl\u00f6s von Veranstaltungen der Stiftung zuflie\u00dfen lassen.<\/li>\n<li>Bei Anl\u00e4ssen wie Geburtstagen und Jubil\u00e4en k\u00f6nnen Sie anstelle von Geschenken um Zuwendungen f\u00fcr unsere Stiftung bitten.<\/li>\n<li>Sie k\u00f6nnen die Stiftung auch mit Sachverm\u00f6gen unterst\u00fctzen und sie mit einer Schenkung oder einem Verm\u00e4chtnis im Testament bedenken.<\/li>\n<\/ul>\n<p>Wir sind Ihnen f\u00fcr jeden Betrag, auch den kleinsten, dankbar.<\/p>\n<p>Und Sie sollen wissen: Ihre Tat wird vom Staat steuerlich gef\u00f6rdert und beg\u00fcnstigt. Die Zuwendungsbest\u00e4tigung, die zum Steuerabzug f\u00fchrt, geht Ihnen unaufgefordert zu.<\/p>\n<h3>Verwendung der Spenden<\/h3>\n<p>Die Kanu-Gesellschaft Stuttgart ist verpflichtet, die Zuwendungen der Stiftung zeitnah (im Spendenjahr) zu verwenden und darf ihre Eigenleistung f\u00fcr den Leistungssport im Bereich Anschaffung von Sportger\u00e4ten, Reisekostenerstattung und Trainer- und \u00dcbungsleiterhonoraren nicht k\u00fcrzen, welches durch den Stiftungsvorstand kontrolliert wird.<\/p>\n<h3>Kontakt<\/h3>\n<p>Rudi und Emmi Schausberger Stiftung<br \/>\nStiftungsvorstand<br \/>\nTalstra\u00dfe 207, 70372 Stuttgart<br \/>\nwww.Schausbergerstiftung.de<br \/>\n<a href=\"javascript:secureDecryptAndNavigate('hBY3Bqr1W+SwAaQ6W0dpaZ\/djjwrb3W0nW4jqaaGWN4iiq9WW1WxW4wLvtuhy\/akC1FvsAUSW1P1E\/e9bzbVk9wrIsota7GyCGFAG2RNtre7bhg=', 'e5732a7f82e469d5b20aa4dcf01118409639ed2477d6414ed4f329a2a7943b30')\">info[at]schausbergerstiftung[dot]de<\/a><\/p>\n<p>Bankverbindung: BW-Bank \u00a0 \u00a0 \u00a0BIC:\u00a0SOLADEST600 \u00a0 \u00a0 \u00a0IBAN:\u00a0DE70 6005 0101 0004 5916 49<\/p>\n","protected":false},"excerpt":{"rendered":"<p>Die Rudi und Emmy Schausberger Stiftung ist eine Stiftung des b\u00fcrgerlichen Rechts. Rudi und Emmy Schausberger haben die Stiftung durch Verm\u00e4chtnis errichten lassen und aus ihrem Erbe 130.000 Euro als Stiftungsverm\u00f6gen gestiftet. Der Kanusport war f\u00fcr die kinderlosen Rudi und Emmy Schausberger Lebensinhalt. Schon w\u00e4hrend Rudis Zeit als 1. Vorsitzender &#8230;<\/p>\n","protected":false},"author":4,"featured_media":0,"parent":0,"menu_order":0,"comment_status":"closed","ping_status":"closed","template":"","meta":{"_price":"","_stock":"","_tribe_ticket_header":"","_tribe_default_ticket_provider":"","_tribe_ticket_capacity":"0","_ticket_start_date":"","_ticket_end_date":"","_tribe_ticket_show_description":"","_tribe_ticket_show_not_going":false,"_tribe_ticket_use_global_stock":"","_tribe_ticket_global_stock_level":"","_global_stock_mode":"","_global_stock_cap":"","_tribe_rsvp_for_event":"","_tribe_ticket_going_count":"","_tribe_ticket_not_going_count":"","_tribe_tickets_list":"[]","_tribe_ticket_has_attendee_info_fields":false,"jetpack_post_was_ever_published":false,"footnotes":"","_tec_slr_enabled":"","_tec_slr_layout":""},"class_list":["post-684","page","type-page","status-publish","hentry"],"jetpack_shortlink":"https:\/\/wp.me\/P730p1-b2","jetpack_sharing_enabled":true,"ticketed":false,"_links":{"self":[{"href":"https:\/\/www.kg-stuttgart.de\/index.php?rest_route=\/wp\/v2\/pages\/684","targetHints":{"allow":["GET"]}}],"collection":[{"href":"https:\/\/www.kg-stuttgart.de\/index.php?rest_route=\/wp\/v2\/pages"}],"about":[{"href":"https:\/\/www.kg-stuttgart.de\/index.php?rest_route=\/wp\/v2\/types\/page"}],"author":[{"embeddable":true,"href":"https:\/\/www.kg-stuttgart.de\/index.php?rest_route=\/wp\/v2\/users\/4"}],"replies":[{"embeddable":true,"href":"https:\/\/www.kg-stuttgart.de\/index.php?rest_route=%2Fwp%2Fv2%2Fcomments&post=684"}],"version-history":[{"count":9,"href":"https:\/\/www.kg-stuttgart.de\/index.php?rest_route=\/wp\/v2\/pages\/684\/revisions"}],"predecessor-version":[{"id":1270,"href":"https:\/\/www.kg-stuttgart.de\/index.php?rest_route=\/wp\/v2\/pages\/684\/revisions\/1270"}],"wp:attachment":[{"href":"https:\/\/www.kg-stuttgart.de\/index.php?rest_route=%2Fwp%2Fv2%2Fmedia&parent=684"}],"curies":[{"name":"wp","href":"https:\/\/api.w.org\/{rel}","templated":true}]}}