{"id":2645,"date":"2022-10-25T11:02:49","date_gmt":"2022-10-25T10:02:49","guid":{"rendered":"https:\/\/www.kg-stuttgart.de\/?page_id=2645"},"modified":"2022-10-25T11:21:29","modified_gmt":"2022-10-25T10:21:29","slug":"wer-wir-sind-und-was-wir-machen","status":"publish","type":"page","link":"https:\/\/www.kg-stuttgart.de\/?page_id=2645","title":{"rendered":"Was wir bieten&#8230;"},"content":{"rendered":"\n<h1 class=\"wp-block-heading\"><\/h1>\n\n\n\n<p>Die Kanu-Gesellschaft Stuttgart e. V. ist ein gemeinn\u00fctziger Wassersportverein. Hier haben sich viele unterschiedliche Sportlerinnen und Sportler zusammengeschlossen, um ihrer Leidenschaft f\u00fcr den Kanusport aktiv nachzugehen. Wir bieten verschiedene Disziplinen des Kanusports an:<\/p>\n\n\n\n<ul class=\"wp-block-list\"><li>Kanu-Freizeitsport<\/li><li>Wildwasser<\/li><li>Drachenboot<\/li><li>SUP<\/li><li>Wildwasserrennsport<\/li><li>Kanu-Rennsport<\/li><li>Seekajak<\/li><li>Canadier<\/li><li>Outrigger<\/li><li>Surfski<\/li><\/ul>\n\n\n\n<p>Angeboten werden unter anderem: Training f\u00fcr Kinder und Jugendliche, Anf\u00e4nger (Kanuschule) oder Fortgeschrittene, Inklusionssport, Schnupperpaddeln, Wettkampftraining, Wochenend- und Tagesausfahrten, Freizeiten, Krafttraining, Kenterrollentraining im Hallenbad oder Hallentraining im Winter.<\/p>\n\n\n\n<p>Den ca. 400 Vereinsmitgliedern stehen die vereinseigenen Boote auf dem Neckar zur Verf\u00fcgung. Unsere \u201eHausstrecke\u201c befindet sich zwischen dem Inselbad Untert\u00fcrkheim und dem Mineralbad Leuze, wir steigen \u00fcber den Bootssteg auf der Cannstatter Uferseite bei Flusskilometer 184 ein.<\/p>\n\n\n\n<p>Jedes Jahr im Juli richten wir eine gro\u00dfe Drachenbootregatta aus. Private Gruppen, Vereine oder Unternehmen k\u00f6nnen das Drachenboot inklusive Steuermann auch f\u00fcr Teamevents mieten.<\/p>\n\n\n\n<p>Mitgliedern stehen Bootslagerpl\u00e4tze f\u00fcr ihre Privatboote zur Verf\u00fcgung. Der Jahresbeitrag f\u00fcr eine erwachsene Person betr\u00e4gt derzeit 100 Euro pro Jahr. F\u00fcr Minderj\u00e4hrige, Menschen mit Beeintr\u00e4chtigung, Studierende, Auszubildende oder Familien bieten wir verg\u00fcnstigte Tarife an. Wir haben ein weitl\u00e4ufiges, gr\u00fcnes Freigel\u00e4nde mit verschiedenen Bootshallen und Geb\u00e4uden, das wir selbst erhalten und pflegen. Daher beteiligen sich alle Mitglieder zwischen 16 und 60 Jahren an einem Arbeitsdienst (6 Stunden\/Jahr) \u2013 eine sch\u00f6ne M\u00f6glichkeit, bei unterschiedlichen T\u00e4tigkeiten mit anderen ins Gespr\u00e4ch zu kommen\u00a0.<\/p>\n\n\n\n<p>Wir sind kein kommerzieller Bootsverleih und wir bieten auch nicht rudern, segeln, surfen oder schwimmen an.<\/p>\n\n\n\n<p>Du bist kanusportbegeistert, kannst schwimmen und m\u00f6chtest Mitglied in der KG Stuttgart werden? Egal ob jung oder alt, gro\u00df oder klein, Neuling oder erfahrener Profi \u2013 herzlich willkommen!<\/p>\n","protected":false},"excerpt":{"rendered":"<p>Die Kanu-Gesellschaft Stuttgart e. V. ist ein gemeinn\u00fctziger Wassersportverein. Hier haben sich viele unterschiedliche Sportlerinnen und Sportler zusammengeschlossen, um ihrer Leidenschaft f\u00fcr den Kanusport aktiv nachzugehen. Wir bieten verschiedene Disziplinen des Kanusports an: Kanu-Freizeitsport Wildwasser Drachenboot SUP Wildwasserrennsport Kanu-Rennsport Seekajak Canadier Outrigger Surfski Angeboten werden unter anderem: Training f\u00fcr Kinder &#8230;<\/p>\n","protected":false},"author":4,"featured_media":0,"parent":0,"menu_order":0,"comment_status":"closed","ping_status":"closed","template":"","meta":{"_price":"","_stock":"","_tribe_ticket_header":"","_tribe_default_ticket_provider":"","_tribe_ticket_capacity":"0","_ticket_start_date":"","_ticket_end_date":"","_tribe_ticket_show_description":"","_tribe_ticket_show_not_going":false,"_tribe_ticket_use_global_stock":"","_tribe_ticket_global_stock_level":"","_global_stock_mode":"","_global_stock_cap":"","_tribe_rsvp_for_event":"","_tribe_ticket_going_count":"","_tribe_ticket_not_going_count":"","_tribe_tickets_list":"[]","_tribe_ticket_has_attendee_info_fields":false,"jetpack_post_was_ever_published":false,"footnotes":"","_tec_slr_enabled":"","_tec_slr_layout":""},"class_list":["post-2645","page","type-page","status-publish","hentry"],"jetpack_shortlink":"https:\/\/wp.me\/P730p1-GF","jetpack_sharing_enabled":true,"ticketed":false,"_links":{"self":[{"href":"https:\/\/www.kg-stuttgart.de\/index.php?rest_route=\/wp\/v2\/pages\/2645","targetHints":{"allow":["GET"]}}],"collection":[{"href":"https:\/\/www.kg-stuttgart.de\/index.php?rest_route=\/wp\/v2\/pages"}],"about":[{"href":"https:\/\/www.kg-stuttgart.de\/index.php?rest_route=\/wp\/v2\/types\/page"}],"author":[{"embeddable":true,"href":"https:\/\/www.kg-stuttgart.de\/index.php?rest_route=\/wp\/v2\/users\/4"}],"replies":[{"embeddable":true,"href":"https:\/\/www.kg-stuttgart.de\/index.php?rest_route=%2Fwp%2Fv2%2Fcomments&post=2645"}],"version-history":[{"count":6,"href":"https:\/\/www.kg-stuttgart.de\/index.php?rest_route=\/wp\/v2\/pages\/2645\/revisions"}],"predecessor-version":[{"id":2656,"href":"https:\/\/www.kg-stuttgart.de\/index.php?rest_route=\/wp\/v2\/pages\/2645\/revisions\/2656"}],"wp:attachment":[{"href":"https:\/\/www.kg-stuttgart.de\/index.php?rest_route=%2Fwp%2Fv2%2Fmedia&parent=2645"}],"curies":[{"name":"wp","href":"https:\/\/api.w.org\/{rel}","templated":true}]}}